{"id":3265,"date":"2021-11-30T20:15:13","date_gmt":"2021-11-30T19:15:13","guid":{"rendered":"https:\/\/www.carbotech.at\/locations\/"},"modified":"2026-02-10T10:08:48","modified_gmt":"2026-02-10T09:08:48","slug":"locations","status":"publish","type":"page","link":"https:\/\/www.carbotech.at\/en\/locations\/","title":{"rendered":"Locations"},"content":{"rendered":"<section id=\"block_5ebfe869833cfe41276ebe73d3be70c2\" class=\"intro_v2 \" style=\"background-image:url('https:\/\/www.carbotech.at\/wp-content\/uploads\/2022\/04\/CarboTech-n-1920x855px.jpg'); background-position: center center;\">\n  <div class=\"center\">\n    <h2>Locations<\/h2>\n  <\/div>\n<\/section>\n\n\n<section id=\"block_c5e165ee79f6e42cc8a70b0f14f1e18f\" class=\"text_block_2 \">\n  <div class=\"center\">\n    <h2>Regional partner for international customers<\/h2>\n    <p style=\"text-align: center\">Mubea Carbo Tech's corporate headquarters are located in Salzburg. To ensure the best possible flexibility and efficiency for our customers, we have additional locations in the Czech Republic, Germany, Bosnia, Morocco, and branches in China, Japan, and the USA.<\/p>\n    \t    <a href=\"\/en\/locations\/#locationsall\" class=\"button\">All locations<\/a>\n      <\/div>\n<\/section>\n\n\n<div class=\"map_wrapper\" id=\"map_wrapper_1196\">\n<div class=\"map_box\" style=\"max-width:1200px\">\n<div class=\"map_aspect_ratio\" style=\"padding-top:45%\" data-padding-top=\"45%\" data-padding-top-mobile=\"0%\">\n<div class=\"map_container\">\n<div class=\"map_render map_loading\" id=\"map_1196\"><\/div>\n<\/div>\n<\/div>\n<\/div>\n<\/div>\n\n\n\n<div style=\"height:40px\" aria-hidden=\"true\" class=\"wp-block-spacer\"><\/div>\n\n\n<section id=\"block_162bf7a04662c59adc21efa35069cc2c\" class=\"text_block_3 \">\n  <div class=\"center\">\n    <div id=\"standortall\"> <\/div>\n  <\/div>\n<\/section>\n\n\n<section id=\"block_b7869ecabad09285bc17ee9d3937edf9\" class=\"locations \">\n  <div class=\"center\">\n        <img src='https:\/\/www.carbotech.at\/wp-content\/uploads\/2021\/11\/standorte.svg' alt=''>\n    <h2>Locations<\/h2>\n    <div class=\"locations__Grid\">\n                        <div class=\"location\">\n            <h3>Salzburg<\/h3>\n            <h5>Mubea Carbo Tech GmbH<br>Eugen-M\u00fcller-Strasse 16<br>A-5020 Salzburg<br>Austria<\/h5>\n            <div class=\"location__Content\">\n              <p>Tel.: +43 662 2414 0<\/p>\n<p>Fax: +43 662 2414 77<\/p>\n<p>E-mail: office@carbotech.at<\/p>\n            <\/div>\n            <div class=\"location__Facts\">\n                                                <div class=\"fact\">\n                    <h4>1993<\/h4>\n                    <p>Year established<\/p>\n                  <\/div>\n                                  <div class=\"fact\">\n                    <h4>7,000\u00a0m\u00b2 <\/h4>\n                    <p>Production area<\/p>\n                  <\/div>\n                                  <div class=\"fact\">\n                    <h4>420<\/h4>\n                    <p>Number of employees<\/p>\n                  <\/div>\n                                          <\/div>\n          <\/div>\n                  <div class=\"location\">\n            <h3>Doln\u00ed Kralovice<\/h3>\n            <h5>Mubea Transmission Components s.r.o.<br>Kralovice 150<br>257 68 Doln\u00ed Kralovice<br>Czech Republic<\/h5>\n            <div class=\"location__Content\">\n              <p>Tel.: +420 311 907 288<\/p>\n<p>E-mail: info.mubea.cz@mubea.com<\/p>\n            <\/div>\n            <div class=\"location__Facts\">\n                                                <div class=\"fact\">\n                    <h4>2016<\/h4>\n                    <p>Year established<\/p>\n                  <\/div>\n                                  <div class=\"fact\">\n                    <h4>4,000\u00a0m\u00b2 <\/h4>\n                    <p>Production area<\/p>\n                  <\/div>\n                                  <div class=\"fact\">\n                    <h4>380<\/h4>\n                    <p>Number of employees<\/p>\n                  <\/div>\n                                          <\/div>\n          <\/div>\n                  <div class=\"location\">\n            <h3>Wendlingen<\/h3>\n            <h5>Mubea Carbo Tech Seating<br>An den Kiesgruben 2<br>73240 Wendlingen<br>Germany<\/h5>\n            <div class=\"location__Content\">\n              <p>Tel.: +49 7024 80925 0<\/p>\n<p>E-mail: info@mubea.com<\/p>\n            <\/div>\n            <div class=\"location__Facts\">\n                                                <div class=\"fact\">\n                    <h4>2016<\/h4>\n                    <p>Year established<\/p>\n                  <\/div>\n                                  <div class=\"fact\">\n                    <h4>2,000\u00a0m\u00b2 <\/h4>\n                    <p>Production area<\/p>\n                  <\/div>\n                                  <div class=\"fact\">\n                    <h4>60<\/h4>\n                    <p>Number of employees<\/p>\n                  <\/div>\n                                          <\/div>\n          <\/div>\n                  <div class=\"location\">\n            <h3>\u017debr\u00e1k<\/h3>\n            <h5>Mubea Transmission Components s.r.o.<br>Za D\u00e1lnic\u00ed 510<br>26753 \u017debr\u00e1k<br>Czech Republic<\/h5>\n            <div class=\"location__Content\">\n              <p>Tel.: +420 311 907 220<\/p>\n<p>Fax: +420 311 907 370<\/p>\n<p>E-mail: info.mubea.cz@mubea.com<\/p>\n            <\/div>\n            <div class=\"location__Facts\">\n                                                <div class=\"fact\">\n                    <h4>1994<\/h4>\n                    <p>Year established<\/p>\n                  <\/div>\n                                  <div class=\"fact\">\n                    <h4>31,000\u00a0m\u00b2 <\/h4>\n                    <p>Production area<\/p>\n                  <\/div>\n                                  <div class=\"fact\">\n                    <h4>900<\/h4>\n                    <p>Number of employees<\/p>\n                  <\/div>\n                                          <\/div>\n          <\/div>\n                  <div class=\"location\">\n            <h3>Tanger<\/h3>\n            <h5>Mubea Automotive Morocco SARL<br>Zone Franche de Tanger Automotive City<br>dite TAC 1 Commune Juamaa<br>Province Fahs-Anjra<br>Marokko<\/h5>\n            <div class=\"location__Content\">\n              <p>Tel.: +212 661 904 841<\/p>\n            <\/div>\n            <div class=\"location__Facts\">\n                                                <div class=\"fact\">\n                    <h4>2024<\/h4>\n                    <p>Year established<\/p>\n                  <\/div>\n                                  <div class=\"fact\">\n                    <h4>7.300 m\u00b2<\/h4>\n                    <p>Production area<\/p>\n                  <\/div>\n                                  <div class=\"fact\">\n                    <h4>200<\/h4>\n                    <p>Number of employees<\/p>\n                  <\/div>\n                                          <\/div>\n          <\/div>\n                  <div class=\"location\">\n            <h3>Derventa<\/h3>\n            <h5>Mubea Carbo Tech BH d.o.o.<br>Polje 93A<br>74400 Derventa<br>Bosnia and Herzegovina<\/h5>\n            <div class=\"location__Content\">\n              <p>Tel.: Plant Manager +38765658007<br \/>\nHead of HR +387 657 520 05<br \/>\nEmail: prnjavor@mubea.com<\/p>\n            <\/div>\n            <div class=\"location__Facts\">\n                                                <div class=\"fact\">\n                    <h4>2024<\/h4>\n                    <p>Year established<\/p>\n                  <\/div>\n                                  <div class=\"fact\">\n                    <h4>7.500 m\u00b2<\/h4>\n                    <p>Production area<\/p>\n                  <\/div>\n                                  <div class=\"fact\">\n                    <h4>280<\/h4>\n                    <p>Number of employees<\/p>\n                  <\/div>\n                                          <\/div>\n          <\/div>\n                  <\/div>\n  <\/div>\n<\/section>\n\n\n<section id=\"block_2bbd1a15a4d632c4beab98eaecceca62\" class=\"section_start_block_2bbd1a15a4d632c4beab98eaecceca62 \">\n<style>\n  .section_start_block_2bbd1a15a4d632c4beab98eaecceca62 {\n    padding-top: 90px;                                background-color:#f2f5f8;  }\n<\/style>\n\n\n<section id=\"block_6427a4dc0ba08d71803021c8fcb6adfd\" class=\"text_block_2 \">\n  <div class=\"center\">\n    <h2>BECOME PART OF THE <br \/>MUBEA CARBO TECH FAMILY<\/h2>\n    <p><!--Sie m\u00f6chten mehr \u00fcber unsere Produkte oder uns als Unternehmen erfahren? Sie finden Mubea Carbo Tech als Arbeitgeber spannend? Nehmen Sie gerne Kontakt mit uns auf!--><\/p>\n    \t    <a href=\"\/en\/contact\" class=\"button\">Contact<\/a>\n      <\/div>\n<\/section>\n\n\n<\/section>\n","protected":false},"excerpt":{"rendered":"","protected":false},"author":6,"featured_media":0,"parent":0,"menu_order":0,"comment_status":"closed","ping_status":"closed","template":"","meta":{"_acf_changed":false,"inline_featured_image":false,"footnotes":""},"class_list":["post-3265","page","type-page","status-publish","hentry"],"acf":[],"_links":{"self":[{"href":"https:\/\/www.carbotech.at\/en\/wp-json\/wp\/v2\/pages\/3265","targetHints":{"allow":["GET"]}}],"collection":[{"href":"https:\/\/www.carbotech.at\/en\/wp-json\/wp\/v2\/pages"}],"about":[{"href":"https:\/\/www.carbotech.at\/en\/wp-json\/wp\/v2\/types\/page"}],"author":[{"embeddable":true,"href":"https:\/\/www.carbotech.at\/en\/wp-json\/wp\/v2\/users\/6"}],"replies":[{"embeddable":true,"href":"https:\/\/www.carbotech.at\/en\/wp-json\/wp\/v2\/comments?post=3265"}],"version-history":[{"count":3,"href":"https:\/\/www.carbotech.at\/en\/wp-json\/wp\/v2\/pages\/3265\/revisions"}],"predecessor-version":[{"id":4446,"href":"https:\/\/www.carbotech.at\/en\/wp-json\/wp\/v2\/pages\/3265\/revisions\/4446"}],"wp:attachment":[{"href":"https:\/\/www.carbotech.at\/en\/wp-json\/wp\/v2\/media?parent=3265"}],"curies":[{"name":"wp","href":"https:\/\/api.w.org\/{rel}","templated":true}]}}